{"id":10,"date":"2020-09-17T14:53:51","date_gmt":"2020-09-17T12:53:51","guid":{"rendered":"https:\/\/jornal.aprene.org\/Jorn9\/?page_id=10"},"modified":"2021-06-23T14:06:52","modified_gmt":"2021-06-23T12:06:52","slug":"pagina-daccuelh","status":"publish","type":"page","link":"https:\/\/jorn9.aprene.org\/","title":{"rendered":""},"content":{"rendered":"\n<p class=\"has-text-align-center\"><strong>Planvengut a totes,<\/strong><\/p>\n\n\n\n<p class=\"has-text-align-center\">S\u00e8m f\u00f2r\u00e7a uroses de vos encontrar sus aquela pagina per n\u00f2stra primi\u00e8ra experi\u00e9ncia jornalistica.<br>S\u00e8m una c\u00f2la de n\u00f2u calandrins qu\u2019av\u00e8m integrat la formacion APRENE1. Ven\u00e8m de diferentas parts d&rsquo;Occit\u00e0nia&nbsp;: Bearn, Auv\u00e8rnha, Los\u00e8ra, Peireg\u00f2rd, Ari\u00e8ja, Menerb\u00e9s, Besierenc e Carcasson\u00e9s. Dins n\u00f2stras difer\u00e9ncias geograficas e mai ling\u00fcisticas, capit\u00e8rem de fargar la c\u00f2la que s\u00e8m. Vos presentarem tot lo long d\u2019aquela annada n\u00f2stres articles. I traparetz de tot&nbsp;: cosina, viatges, pedagogia, lenga, j\u00f2cs, can\u00e7ons, rec\u00e8rcas\u2026 E d\u2019autras suspresas que podretz trapar en vos passejant a trav\u00e8rs aquel jornal numeric.<\/p>\n\n\n\n<p class=\"has-text-align-center\">Vos desiram bona descob\u00e8rta e bona lectura !<br><\/p>\n\n\n\n<div class=\"wp-block-image is-style-default\"><figure class=\"aligncenter is-resized\"><img loading=\"lazy\" decoding=\"async\" src=\"https:\/\/jorn9.aprene.org\/wp-content\/uploads\/2020\/09\/entry-1.bmp\" alt=\"\" width=\"426\" height=\"319\"\/><\/figure><\/div>\n\n\n\n<p class=\"has-text-align-center\"><em><sub><code><span class=\"has-inline-color has-vivid-red-color\">La c\u00f2la dels n\u00f2u masquetats<\/span><\/code><\/sub><\/em><\/p>\n\n\n\n<div class=\"wp-block-group\"><div class=\"wp-block-group__inner-container is-layout-flow wp-block-group-is-layout-flow\">\n<p><\/p>\n\n\n\n<ul class=\"wp-block-list\"><li><em><strong>Cap redactor<\/strong> : <span class=\"has-inline-color has-vivid-purple-color\">Am\u00e8lia Chabaud<\/span><span class=\"has-inline-color has-vivid-purple-color\"><\/span><\/em><\/li><li><em><strong>Responsables de publicacion<\/strong> : <span class=\"has-inline-color has-vivid-purple-color\">Patrici Baccou e Xavi Ferr\u00e9<\/span><\/em><\/li><li><em><strong>Mesa en linha<\/strong> : <span class=\"has-inline-color has-vivid-purple-color\">la c\u00f2la tota !<\/span> <\/em><\/li><li><strong>Avisaira <\/strong>: <em><span class=\"has-inline-color has-vivid-purple-color\">Amandina Garcia<\/span><\/em><\/li><\/ul>\n\n\n\n<p><\/p>\n<\/div><\/div>\n\n\n\n<p><\/p>\n\n\n\n<p><\/p>\n\n\n\n<p><\/p>\n\n\n\n<p><\/p>\n\n\n\n<p><\/p>\n\n\n\n<hr class=\"wp-block-separator\"\/>\n\n\n\n<p><\/p>\n\n\n\n<p><\/p>\n\n\n\n<p><\/p>\n\n\n\n<p><\/p>\n\n\n\n<p class=\"has-text-align-right\"><\/p>\n\n\n\n<p><\/p>\n\n\n\n<p class=\"has-text-align-center\"><strong>Can\u00e7on de la c\u00f2la :<\/strong> <strong><span class=\"has-inline-color has-vivid-red-color\">&laquo;&nbsp;Nau que n\u2019\u00e8m en formacion&nbsp;&raquo;<\/span><\/strong><\/p>\n\n\n\n<figure class=\"wp-block-audio\"><audio controls src=\"https:\/\/jorn9.aprene.org\/wp-content\/uploads\/2020\/09\/Aprene-5-1.m4a\"><\/audio><\/figure>\n\n\n\n<p><\/p>\n\n\n\n<div class=\"wp-block-group\"><div class=\"wp-block-group__inner-container is-layout-flow wp-block-group-is-layout-flow\">\n<div class=\"wp-block-group\"><div class=\"wp-block-group__inner-container is-layout-flow wp-block-group-is-layout-flow\"><\/div><\/div>\n<\/div><\/div>\n\n\n\n<div class=\"wp-block-columns is-layout-flex wp-container-core-columns-is-layout-1 wp-block-columns-is-layout-flex\">\n<div class=\"wp-block-column is-layout-flow wp-block-column-is-layout-flow\" style=\"flex-basis:66.66%\">\n<p class=\"has-text-align-right\"><strong>9<\/strong> Nau que n\u2019\u00e8m en formacion (bis)<br>Aur\u00e8lia qui vien d&rsquo;Ari\u00e8ja, i a Aur\u00e8lia, i a Aur\u00e8lia<br>Aur\u00e8lia qui vien d&rsquo;Ari\u00e8ja, de Gaston F\u00e8bus lo pa\u00eds<\/p>\n<\/div>\n\n\n\n<div class=\"wp-block-column is-layout-flow wp-block-column-is-layout-flow\" style=\"flex-basis:33.33%\">\n<div class=\"wp-block-image\"><figure class=\"aligncenter size-large\"><img loading=\"lazy\" decoding=\"async\" width=\"82\" height=\"120\" src=\"https:\/\/jorn9.aprene.org\/wp-content\/uploads\/2020\/10\/lagarde-a.png\" alt=\"\" class=\"wp-image-260\"\/><\/figure><\/div>\n<\/div>\n<\/div>\n\n\n\n<div class=\"wp-block-columns is-layout-flex wp-container-core-columns-is-layout-2 wp-block-columns-is-layout-flex\">\n<div class=\"wp-block-column is-layout-flow wp-block-column-is-layout-flow\" style=\"flex-basis:66.66%\">\n<p class=\"has-text-align-right\"><strong>8<\/strong> Ueit que n\u2019\u00e8m en formacion (bis)<br>Est\u00e8la deu Peireg\u00f2rd,i a Est\u00e8la,i a Est\u00e8la<br>Est\u00e8la deu Peireg\u00f2rd, de la trufa lo pa\u00eds<\/p>\n<\/div>\n\n\n\n<div class=\"wp-block-column is-layout-flow wp-block-column-is-layout-flow\" style=\"flex-basis:33.33%\">\n<div class=\"wp-block-image\"><figure class=\"aligncenter size-large\"><img loading=\"lazy\" decoding=\"async\" width=\"76\" height=\"106\" src=\"https:\/\/jorn9.aprene.org\/wp-content\/uploads\/2020\/10\/delmas-e.png\" alt=\"\" class=\"wp-image-257\"\/><\/figure><\/div>\n<\/div>\n<\/div>\n\n\n\n<div class=\"wp-block-columns is-layout-flex wp-container-core-columns-is-layout-3 wp-block-columns-is-layout-flex\">\n<div class=\"wp-block-column is-layout-flow wp-block-column-is-layout-flow\" style=\"flex-basis:66.66%\">\n<p class=\"has-text-align-right\"><strong>7<\/strong> S\u00e8t que n\u2019\u00e8m en formacion (bis)<br>Em\u00e0 de Carcassona, i a Em\u00e0, i a Em\u00e0<br>Em\u00e0 de Carcassona, deus catars lo pa\u00eds<\/p>\n<\/div>\n\n\n\n<div class=\"wp-block-column is-layout-flow wp-block-column-is-layout-flow\" style=\"flex-basis:33.33%\">\n<div class=\"wp-block-image\"><figure class=\"aligncenter size-large\"><img decoding=\"async\" src=\"https:\/\/jorn9.aprene.org\/wp-content\/uploads\/2020\/10\/albert-e.png\" alt=\"\" class=\"wp-image-255\"\/><\/figure><\/div>\n<\/div>\n<\/div>\n\n\n\n<div class=\"wp-block-columns is-layout-flex wp-container-core-columns-is-layout-4 wp-block-columns-is-layout-flex\">\n<div class=\"wp-block-column is-layout-flow wp-block-column-is-layout-flow\" style=\"flex-basis:66.66%\">\n<p class=\"has-text-align-right\"><strong>6<\/strong> Sheis que n\u2019\u00e8m en formacion (bis)<br>Marion d\u2019Anha deu Menerb\u00e9s, i a Marion, i a Marion<br>Marion d&rsquo;Anha deu Menerb\u00e9s, deu cagar\u00f2l lo pa\u00eds<\/p>\n<\/div>\n\n\n\n<div class=\"wp-block-column is-layout-flow wp-block-column-is-layout-flow\" style=\"flex-basis:33.33%\">\n<div class=\"wp-block-image\"><figure class=\"aligncenter size-large is-resized\"><img loading=\"lazy\" decoding=\"async\" src=\"https:\/\/jorn9.aprene.org\/wp-content\/uploads\/2020\/10\/guillet-m.png\" alt=\"\" class=\"wp-image-259\" width=\"90\" height=\"107\"\/><\/figure><\/div>\n<\/div>\n<\/div>\n\n\n\n<div class=\"wp-block-columns is-layout-flex wp-container-core-columns-is-layout-5 wp-block-columns-is-layout-flex\">\n<div class=\"wp-block-column is-layout-flow wp-block-column-is-layout-flow\" style=\"flex-basis:66.66%\">\n<p class=\"has-text-align-right\"><strong>5<\/strong> Cinc que n\u2019\u00e8m en formacion (bis)<br>Marilon qui vien de Nissa, i a Marilon, i a Marilon<br>Marilon qui vien de Nissa, deu bon vin lo pa\u00eds<\/p>\n<\/div>\n\n\n\n<div class=\"wp-block-column is-layout-flow wp-block-column-is-layout-flow\" style=\"flex-basis:33.33%\">\n<div class=\"wp-block-image\"><figure class=\"aligncenter size-large is-resized\"><img loading=\"lazy\" decoding=\"async\" src=\"https:\/\/jorn9.aprene.org\/wp-content\/uploads\/2020\/10\/ferre-m.png\" alt=\"\" class=\"wp-image-258\" width=\"93\" height=\"111\"\/><\/figure><\/div>\n<\/div>\n<\/div>\n\n\n\n<div class=\"wp-block-columns is-layout-flex wp-container-core-columns-is-layout-6 wp-block-columns-is-layout-flex\">\n<div class=\"wp-block-column is-layout-flow wp-block-column-is-layout-flow\" style=\"flex-basis:66.66%\">\n<p class=\"has-text-align-right\"><strong>3<\/strong> Tres que n\u2019\u00e8m en formacion (bis)<br>Am\u00e8lia qui vien de Bisan, i a Am\u00e8lia, i a Am\u00e8lia<br>Am\u00e8lia qui vien de Bisan, de l&rsquo;oliva lo pa\u00eds<\/p>\n<\/div>\n\n\n\n<div class=\"wp-block-column is-layout-flow wp-block-column-is-layout-flow\" style=\"flex-basis:33.33%\">\n<div class=\"wp-block-image\"><figure class=\"aligncenter size-large is-resized\"><img loading=\"lazy\" decoding=\"async\" src=\"https:\/\/jorn9.aprene.org\/wp-content\/uploads\/2020\/10\/chabaud-a.png\" alt=\"\" class=\"wp-image-256\" width=\"87\" height=\"101\"\/><\/figure><\/div>\n<\/div>\n<\/div>\n\n\n\n<div class=\"wp-block-columns is-layout-flex wp-container-core-columns-is-layout-7 wp-block-columns-is-layout-flex\">\n<div class=\"wp-block-column is-layout-flow wp-block-column-is-layout-flow\" style=\"flex-basis:66.66%\">\n<p class=\"has-text-align-right\"><strong>2<\/strong> Dus que n\u2019\u00e8m en formacion (bis)<br>Emilia de Los\u00e8ra, i a Emilia, i a Emilia,<br>Emilia de Los\u00e8ra, deus bolets lo pa\u00eds<\/p>\n<\/div>\n\n\n\n<div class=\"wp-block-column is-layout-flow wp-block-column-is-layout-flow\" style=\"flex-basis:33.33%\">\n<div class=\"wp-block-image\"><figure class=\"aligncenter size-large\"><img loading=\"lazy\" decoding=\"async\" width=\"83\" height=\"109\" src=\"https:\/\/jorn9.aprene.org\/wp-content\/uploads\/2020\/10\/tisne-e.png\" alt=\"\" class=\"wp-image-263\"\/><\/figure><\/div>\n<\/div>\n<\/div>\n\n\n\n<div class=\"wp-block-columns is-layout-flex wp-container-core-columns-is-layout-8 wp-block-columns-is-layout-flex\">\n<div class=\"wp-block-column is-layout-flow wp-block-column-is-layout-flow\" style=\"flex-basis:66.66%\">\n<p class=\"has-text-align-right\"><strong>1<\/strong> Un que n\u2019ei en formacion (bis)<br>Est\u00e8ve qui vien d&rsquo;Auvernha, i a Est\u00e8ve, i a Est\u00e8ve<br>Est\u00e8ve qui vien d&rsquo;Auvernha, de la trufada lo pa\u00eds<\/p>\n<\/div>\n\n\n\n<div class=\"wp-block-column is-layout-flow wp-block-column-is-layout-flow\" style=\"flex-basis:33.33%\">\n<div class=\"wp-block-image\"><figure class=\"aligncenter size-large\"><img loading=\"lazy\" decoding=\"async\" width=\"82\" height=\"104\" src=\"https:\/\/jorn9.aprene.org\/wp-content\/uploads\/2020\/10\/rougier-e-1.png\" alt=\"\" class=\"wp-image-268\"\/><\/figure><\/div>\n<\/div>\n<\/div>\n\n\n\n<div class=\"wp-block-columns is-layout-flex wp-container-core-columns-is-layout-9 wp-block-columns-is-layout-flex\">\n<div class=\"wp-block-column is-layout-flow wp-block-column-is-layout-flow\" style=\"flex-basis:66.66%\">\n<p class=\"has-text-align-right\"><strong>9<\/strong> Nau que n\u2019\u00e8m en formacion (bis)<br>Lo P\u00e8ir qui vien de Biarn, i a lo P\u00e8ir, i a lo P\u00e8ir<br>Lo P\u00e8ir qui vien de Biarn, de la sau\u00e7a lo pa\u00eds<\/p>\n<\/div>\n\n\n\n<div class=\"wp-block-column is-layout-flow wp-block-column-is-layout-flow\" style=\"flex-basis:33.33%\">\n<div class=\"wp-block-image\"><figure class=\"aligncenter size-large is-resized\"><img loading=\"lazy\" decoding=\"async\" src=\"https:\/\/jorn9.aprene.org\/wp-content\/uploads\/2020\/10\/sacaze-p.png\" alt=\"\" class=\"wp-image-262\" width=\"91\" height=\"115\"\/><\/figure><\/div>\n<\/div>\n<\/div>\n\n\n\n<p class=\"has-text-align-right\">P\u00e8ir Sacaze &#8211; Marion Guillet e la c\u00f2la<\/p>\n\n\n\n<div class=\"wp-block-image\"><figure class=\"alignright size-large\"><img loading=\"lazy\" decoding=\"async\" width=\"1024\" height=\"611\" src=\"https:\/\/jorn9.aprene.org\/wp-content\/uploads\/2020\/09\/image-1024x611.png\" alt=\"\" class=\"wp-image-103\" srcset=\"https:\/\/jorn9.aprene.org\/wp-content\/uploads\/2020\/09\/image-1024x611.png 1024w, https:\/\/jorn9.aprene.org\/wp-content\/uploads\/2020\/09\/image-300x179.png 300w, https:\/\/jorn9.aprene.org\/wp-content\/uploads\/2020\/09\/image-768x458.png 768w, https:\/\/jorn9.aprene.org\/wp-content\/uploads\/2020\/09\/image.png 1054w\" sizes=\"(max-width: 1024px) 100vw, 1024px\" \/><\/figure><\/div>\n\n\n\n<p><\/p>\n\n\n\n<p>E \u00f2c es ja la fin !<\/p>\n\n\n\n<p>Adieu tot lo monde, aqu\u00ed un pich\u00f2t mot qu\u2019es per nosautres la darni\u00e8ra setmana de l\u2019annada d\u2019Aprene 1. D\u2019en primi\u00e8r per vos mercejar de nos aver seguit lo long de l\u2019annada e de nos aver legits al fial de las setmanas. Mas sab\u00e8m plan qu\u2019es pas un adieu definitiu, nos tornarem trapar, que si\u00e1 dins las esc\u00f2las o dins las diferentas manifestacions organizadas.<br>Aquesta annada d\u2019Aprene 1 fogu\u00e8t per nosautres densa, de segur, mas d\u2019una riquesa pas discutabla. Descubrigu\u00e8rem una autra facieta de \u00e7\u00f2 que pens\u00e0vem con\u00e9isser plan, nos fagu\u00e8t paur a d\u2019unes moments segur, mas fin finala fagu\u00e8t pas qu\u2019afortir n\u00f2stra enveja de dintrar dins aquel movement plan especial per cadun d\u2019entre nosautres.<br>Malgrat aqueste ambient de la Covid-19 que nos oblig\u00e8t a faire mantuna de las setmanas previstas en centre a dist\u00e0ncia, capit\u00e8rem de nos ajudar, d\u2019avan\u00e7ar e de contunhar de faire c\u00f2la. Capit\u00e8rem de passar de moments d\u2019aprendissatges, de convivialitat e d\u2019amistat. Av\u00e8m poscut cantar de longa e aprene de nov\u00e8ls cants cada jorn ont \u00e8rem amassa. Per nosautres fogu\u00e8t vertadi\u00e8rament una annada de las b\u00e8las. Ne voliam profeitar tanben per mercejar totes los formators e intervenents que cros\u00e8rem ongan, nos port\u00e8ron f\u00f2r\u00e7a e es tanben gr\u00e0cias a eles qu\u2019acab\u00e8rem la formacion. Agu\u00e8rem l\u2019astre cadun de nos trapar dins mantuna esc\u00f2la al fial de l&rsquo;an e aqu\u00f2 quin plaser\u00a0! I a pas melhor mejan d&rsquo;aprene a menar una classa que de lo poder viure. Aprengu\u00e8rem un fum de causas merc\u00e9 a l&rsquo;observacion de la practica de las regentas que nos receb\u00e8ron dins lors classas. E p\u00f2dem pas mancar de dire un pichon mot per n\u00f2stra c\u00f2la. Pensam que doblid\u00e8rem pas los moments agradius passats amassa dins Auv\u00e8rnha e Menerb\u00e9s. Fogu\u00e8rem una c\u00f2la gaujosa mas sustot una c\u00f2la unida, fogu\u00e8t un vertadi\u00e8r plaser de viure aquela annada amb vosautres.<\/p>\n\n\n\n<p>Un merc\u00e9 particular a Amandina Garcia, n\u00f2stra avisaira, per sa pres\u00e9ncia, son temps e son ajuda preciosa.<\/p>\n\n\n\n<p>Potons de la c\u00f2la<\/p>\n\n\n\n<p>Merc\u00e9 a vosautres de i aver contribuit.<\/p>\n\n\n\n<p>Adieu e a l\u00e8u esperam ! E una causa qu&rsquo;av\u00e8m pas la costuma de dire en Aprene 1&nbsp;: bonas vacan\u00e7as&nbsp;!<\/p>\n\n\n\n<p>Em\u00e0 Albert, Aur\u00e8lia Lagarde, Am\u00e8lia Chabaud e la c\u00f2la.<\/p>\n","protected":false},"excerpt":{"rendered":"<p>Planvengut a totes, S\u00e8m f\u00f2r\u00e7a uroses de vos encontrar sus aquela pagina per n\u00f2stra primi\u00e8ra experi\u00e9ncia jornalistica.S\u00e8m una c\u00f2la de n\u00f2u calandrins qu\u2019av\u00e8m integrat la formacion APRENE1. Ven\u00e8m de diferentas parts d&rsquo;Occit\u00e0nia&nbsp;: Bearn, Auv\u00e8rnha, Los\u00e8ra, Peireg\u00f2rd, Ari\u00e8ja, Menerb\u00e9s, Besierenc e Carcasson\u00e9s. Dins n\u00f2stras difer\u00e9ncias geograficas e mai ling\u00fcisticas, capit\u00e8rem de fargar la c\u00f2la que s\u00e8m. [&hellip;]<\/p>\n","protected":false},"author":1,"featured_media":0,"parent":0,"menu_order":0,"comment_status":"closed","ping_status":"closed","template":"","meta":{"footnotes":""},"class_list":["post-10","page","type-page","status-publish","hentry"],"_links":{"self":[{"href":"https:\/\/jorn9.aprene.org\/index.php?rest_route=\/wp\/v2\/pages\/10"}],"collection":[{"href":"https:\/\/jorn9.aprene.org\/index.php?rest_route=\/wp\/v2\/pages"}],"about":[{"href":"https:\/\/jorn9.aprene.org\/index.php?rest_route=\/wp\/v2\/types\/page"}],"author":[{"embeddable":true,"href":"https:\/\/jorn9.aprene.org\/index.php?rest_route=\/wp\/v2\/users\/1"}],"replies":[{"embeddable":true,"href":"https:\/\/jorn9.aprene.org\/index.php?rest_route=%2Fwp%2Fv2%2Fcomments&post=10"}],"version-history":[{"count":68,"href":"https:\/\/jorn9.aprene.org\/index.php?rest_route=\/wp\/v2\/pages\/10\/revisions"}],"predecessor-version":[{"id":949,"href":"https:\/\/jorn9.aprene.org\/index.php?rest_route=\/wp\/v2\/pages\/10\/revisions\/949"}],"wp:attachment":[{"href":"https:\/\/jorn9.aprene.org\/index.php?rest_route=%2Fwp%2Fv2%2Fmedia&parent=10"}],"curies":[{"name":"wp","href":"https:\/\/api.w.org\/{rel}","templated":true}]}}