{"id":287,"date":"2020-11-26T09:58:34","date_gmt":"2020-11-26T08:58:34","guid":{"rendered":"https:\/\/jornal.aprene.org\/Jorn9\/?page_id=287"},"modified":"2021-05-17T14:18:06","modified_gmt":"2021-05-17T12:18:06","slug":"lenga-e-cultura-occitanas","status":"publish","type":"page","link":"https:\/\/jorn9.aprene.org\/?page_id=287","title":{"rendered":"Lenga e Cultura Occitanas"},"content":{"rendered":"\n<div style=\"height:60px\" aria-hidden=\"true\" class=\"wp-block-spacer\"><\/div>\n\n\n\n<div class=\"wp-block-media-text alignwide is-stacked-on-mobile\" style=\"grid-template-columns:38% auto\"><figure class=\"wp-block-media-text__media\"><img loading=\"lazy\" decoding=\"async\" width=\"768\" height=\"1024\" src=\"https:\/\/jorn9.aprene.org\/wp-content\/uploads\/2020\/11\/Gleisa_MF-768x1024.jpeg\" alt=\"\" class=\"wp-image-412\" srcset=\"https:\/\/jorn9.aprene.org\/wp-content\/uploads\/2020\/11\/Gleisa_MF-768x1024.jpeg 768w, https:\/\/jorn9.aprene.org\/wp-content\/uploads\/2020\/11\/Gleisa_MF-225x300.jpeg 225w, https:\/\/jorn9.aprene.org\/wp-content\/uploads\/2020\/11\/Gleisa_MF-1152x1536.jpeg 1152w, https:\/\/jorn9.aprene.org\/wp-content\/uploads\/2020\/11\/Gleisa_MF.jpeg 1536w\" sizes=\"(max-width: 768px) 100vw, 768px\" \/><\/figure><div class=\"wp-block-media-text__content\">\n<p class=\"has-text-align-center has-large-font-size\"><a href=\"https:\/\/jorn9.aprene.org\/?page_id=740\">Estagi en Auv\u00e8rnhe<br>oct\u00f2bre de 2020<\/a><\/p>\n<\/div><\/div>\n\n\n\n<div style=\"height:70px\" aria-hidden=\"true\" class=\"wp-block-spacer\"><\/div>\n\n\n\n<div class=\"wp-block-media-text alignwide has-media-on-the-right is-stacked-on-mobile\"><figure class=\"wp-block-media-text__media\"><img loading=\"lazy\" decoding=\"async\" width=\"1024\" height=\"768\" src=\"https:\/\/jorn9.aprene.org\/wp-content\/uploads\/2021\/05\/thumbnail_IMG_7643-1024x768.jpg\" alt=\"\" class=\"wp-image-749\" srcset=\"https:\/\/jorn9.aprene.org\/wp-content\/uploads\/2021\/05\/thumbnail_IMG_7643-1024x768.jpg 1024w, https:\/\/jorn9.aprene.org\/wp-content\/uploads\/2021\/05\/thumbnail_IMG_7643-300x225.jpg 300w, https:\/\/jorn9.aprene.org\/wp-content\/uploads\/2021\/05\/thumbnail_IMG_7643-768x576.jpg 768w, https:\/\/jorn9.aprene.org\/wp-content\/uploads\/2021\/05\/thumbnail_IMG_7643.jpg 1280w\" sizes=\"(max-width: 1024px) 100vw, 1024px\" \/><\/figure><div class=\"wp-block-media-text__content\">\n<p class=\"has-text-align-center has-large-font-size\"><a href=\"https:\/\/jorn9.aprene.org\/?page_id=807\">Estagi en Menerb\u00e9s<br>abril de 2021<\/a><\/p>\n\n\n\n<p><\/p>\n\n\n\n<p><\/p>\n<\/div><\/div>\n\n\n\n<div class=\"wp-block-columns is-layout-flex wp-container-core-columns-is-layout-1 wp-block-columns-is-layout-flex\">\n<div class=\"wp-block-column is-layout-flow wp-block-column-is-layout-flow\"><\/div>\n\n\n\n<div class=\"wp-block-column is-layout-flow wp-block-column-is-layout-flow\"><\/div>\n<\/div>\n\n\n\n<p><\/p>\n\n\n\n<p><\/p>\n\n\n\n<p><\/p>\n\n\n\n<p><\/p>\n\n\n\n<p><\/p>\n\n\n\n<p><\/p>\n\n\n\n<p><\/p>\n\n\n\n<p><\/p>\n\n\n","protected":false},"excerpt":{"rendered":"<p>Estagi en Auv\u00e8rnheoct\u00f2bre de 2020 Estagi en Menerb\u00e9sabril de 2021<\/p>\n","protected":false},"author":1,"featured_media":0,"parent":0,"menu_order":0,"comment_status":"closed","ping_status":"closed","template":"","meta":{"footnotes":""},"class_list":["post-287","page","type-page","status-publish","hentry"],"_links":{"self":[{"href":"https:\/\/jorn9.aprene.org\/index.php?rest_route=\/wp\/v2\/pages\/287"}],"collection":[{"href":"https:\/\/jorn9.aprene.org\/index.php?rest_route=\/wp\/v2\/pages"}],"about":[{"href":"https:\/\/jorn9.aprene.org\/index.php?rest_route=\/wp\/v2\/types\/page"}],"author":[{"embeddable":true,"href":"https:\/\/jorn9.aprene.org\/index.php?rest_route=\/wp\/v2\/users\/1"}],"replies":[{"embeddable":true,"href":"https:\/\/jorn9.aprene.org\/index.php?rest_route=%2Fwp%2Fv2%2Fcomments&post=287"}],"version-history":[{"count":63,"href":"https:\/\/jorn9.aprene.org\/index.php?rest_route=\/wp\/v2\/pages\/287\/revisions"}],"predecessor-version":[{"id":818,"href":"https:\/\/jorn9.aprene.org\/index.php?rest_route=\/wp\/v2\/pages\/287\/revisions\/818"}],"wp:attachment":[{"href":"https:\/\/jorn9.aprene.org\/index.php?rest_route=%2Fwp%2Fv2%2Fmedia&parent=287"}],"curies":[{"name":"wp","href":"https:\/\/api.w.org\/{rel}","templated":true}]}}