{"id":733,"date":"2021-05-11T11:40:32","date_gmt":"2021-05-11T09:40:32","guid":{"rendered":"https:\/\/jornal.aprene.org\/Jorn9\/?page_id=733"},"modified":"2021-06-25T13:34:46","modified_gmt":"2021-06-25T11:34:46","slug":"mostras","status":"publish","type":"page","link":"https:\/\/jorn9.aprene.org\/?page_id=733","title":{"rendered":"M\u00f2stras"},"content":{"rendered":"\n<div style=\"height:100px\" aria-hidden=\"true\" class=\"wp-block-spacer\"><\/div>\n\n\n\n<div class=\"wp-block-media-text alignwide is-stacked-on-mobile\" style=\"grid-template-columns:28% auto\"><figure class=\"wp-block-media-text__media\"><video controls src=\"https:\/\/jorn9.aprene.org\/wp-content\/uploads\/2021\/06\/Mostra-Que-de-nou-AC-ER-ET-2021-3.mov\"><\/video><\/figure><div class=\"wp-block-media-text__content\">\n<p class=\"has-large-font-size\">Lo Qu\u00e9 de n\u00f2u ?<\/p>\n<\/div><\/div>\n\n\n\n<div style=\"height:100px\" aria-hidden=\"true\" class=\"wp-block-spacer\"><\/div>\n\n\n\n<div class=\"wp-block-media-text alignwide has-media-on-the-right is-stacked-on-mobile\" style=\"grid-template-columns:auto 28%\"><figure class=\"wp-block-media-text__media\"><video controls src=\"https:\/\/jorn9.aprene.org\/wp-content\/uploads\/2021\/06\/MUSTRA-video-dialectes-occitans-compressada.m4v\"><\/video><\/figure><div class=\"wp-block-media-text__content\">\n<p class=\"has-text-align-right has-large-font-size\">Los diferents dial\u00e8ctes occitans.<\/p>\n<\/div><\/div>\n\n\n\n<div style=\"height:100px\" aria-hidden=\"true\" class=\"wp-block-spacer\"><\/div>\n","protected":false},"excerpt":{"rendered":"<p>Lo Qu\u00e9 de n\u00f2u ? Los diferents dial\u00e8ctes occitans.<\/p>\n","protected":false},"author":1,"featured_media":0,"parent":0,"menu_order":0,"comment_status":"closed","ping_status":"closed","template":"","meta":{"footnotes":""},"class_list":["post-733","page","type-page","status-publish","hentry"],"_links":{"self":[{"href":"https:\/\/jorn9.aprene.org\/index.php?rest_route=\/wp\/v2\/pages\/733"}],"collection":[{"href":"https:\/\/jorn9.aprene.org\/index.php?rest_route=\/wp\/v2\/pages"}],"about":[{"href":"https:\/\/jorn9.aprene.org\/index.php?rest_route=\/wp\/v2\/types\/page"}],"author":[{"embeddable":true,"href":"https:\/\/jorn9.aprene.org\/index.php?rest_route=\/wp\/v2\/users\/1"}],"replies":[{"embeddable":true,"href":"https:\/\/jorn9.aprene.org\/index.php?rest_route=%2Fwp%2Fv2%2Fcomments&post=733"}],"version-history":[{"count":11,"href":"https:\/\/jorn9.aprene.org\/index.php?rest_route=\/wp\/v2\/pages\/733\/revisions"}],"predecessor-version":[{"id":1063,"href":"https:\/\/jorn9.aprene.org\/index.php?rest_route=\/wp\/v2\/pages\/733\/revisions\/1063"}],"wp:attachment":[{"href":"https:\/\/jorn9.aprene.org\/index.php?rest_route=%2Fwp%2Fv2%2Fmedia&parent=733"}],"curies":[{"name":"wp","href":"https:\/\/api.w.org\/{rel}","templated":true}]}}