{"id":807,"date":"2021-05-17T14:14:48","date_gmt":"2021-05-17T12:14:48","guid":{"rendered":"https:\/\/jornal.aprene.org\/Jorn9\/?page_id=807"},"modified":"2021-06-03T15:32:51","modified_gmt":"2021-06-03T13:32:51","slug":"estagi-lenga-e-cultura-en-menerbes","status":"publish","type":"page","link":"https:\/\/jorn9.aprene.org\/?page_id=807","title":{"rendered":"Estagi Lenga e Cultura en Menerb\u00e9s"},"content":{"rendered":"\n<div style=\"height:100px\" aria-hidden=\"true\" class=\"wp-block-spacer\"><\/div>\n\n\n\n<div class=\"wp-block-columns is-layout-flex wp-container-core-columns-is-layout-1 wp-block-columns-is-layout-flex\">\n<div class=\"wp-block-column is-vertically-aligned-center is-layout-flow wp-block-column-is-layout-flow\">\n<p class=\"has-text-align-center\"><a href=\"https:\/\/jorn9.aprene.org\/?p=794\" target=\"_blank\" rel=\"noreferrer noopener\">Men\u00e8rba l&rsquo;occitana<\/a><\/p>\n<\/div>\n\n\n\n<div class=\"wp-block-column is-layout-flow wp-block-column-is-layout-flow\">\n<div class=\"wp-block-image\"><figure class=\"alignleft size-large is-resized\"><img loading=\"lazy\" decoding=\"async\" src=\"https:\/\/jorn9.aprene.org\/wp-content\/uploads\/2021\/05\/IMG_1333-1024x768.jpg\" alt=\"\" class=\"wp-image-795\" width=\"289\" height=\"217\"\/><\/figure><\/div>\n<\/div>\n<\/div>\n\n\n\n<div class=\"wp-block-columns is-layout-flex wp-container-core-columns-is-layout-2 wp-block-columns-is-layout-flex\">\n<div class=\"wp-block-column is-vertically-aligned-center is-layout-flow wp-block-column-is-layout-flow\">\n<p class=\"has-text-align-center\"><a href=\"https:\/\/jorn9.aprene.org\/?p=755\" target=\"_blank\" rel=\"noreferrer noopener\">La b\u00f2ria dels soquets<\/a><\/p>\n<\/div>\n\n\n\n<div class=\"wp-block-column is-layout-flow wp-block-column-is-layout-flow\">\n<div class=\"wp-block-image\"><figure class=\"alignleft size-large is-resized\"><img loading=\"lazy\" decoding=\"async\" src=\"https:\/\/jorn9.aprene.org\/wp-content\/uploads\/2021\/05\/IMG_1510-1024x1024.jpeg\" alt=\"\" class=\"wp-image-757\" width=\"223\" height=\"223\"\/><\/figure><\/div>\n<\/div>\n<\/div>\n\n\n\n<div style=\"height:61px\" aria-hidden=\"true\" class=\"wp-block-spacer\"><\/div>\n\n\n\n<div class=\"wp-block-columns is-layout-flex wp-container-core-columns-is-layout-3 wp-block-columns-is-layout-flex\">\n<div class=\"wp-block-column is-vertically-aligned-center is-layout-flow wp-block-column-is-layout-flow\">\n<p class=\"has-text-align-center\"><a href=\"https:\/\/jorn9.aprene.org\/?p=791\" target=\"_blank\" rel=\"noreferrer noopener\">A la descob\u00e8rta de Ciutat<\/a><\/p>\n<\/div>\n\n\n\n<div class=\"wp-block-column is-layout-flow wp-block-column-is-layout-flow\">\n<div class=\"wp-block-image\"><figure class=\"alignleft size-large is-resized\"><img decoding=\"async\" src=\"https:\/\/jorn9.aprene.org\/wp-content\/uploads\/2021\/05\/ciutat.jpg\" alt=\"\" class=\"wp-image-792\" width=\"-1079\" height=\"-719\" srcset=\"https:\/\/jorn9.aprene.org\/wp-content\/uploads\/2021\/05\/ciutat.jpg 612w, https:\/\/jorn9.aprene.org\/wp-content\/uploads\/2021\/05\/ciutat-300x200.jpg 300w\" sizes=\"(max-width: 612px) 100vw, 612px\" \/><\/figure><\/div>\n\n\n\n<p><\/p>\n<\/div>\n<\/div>\n\n\n\n<div style=\"height:61px\" aria-hidden=\"true\" class=\"wp-block-spacer\"><\/div>\n\n\n\n<div class=\"wp-block-columns is-layout-flex wp-container-core-columns-is-layout-4 wp-block-columns-is-layout-flex\">\n<div class=\"wp-block-column is-vertically-aligned-center is-layout-flow wp-block-column-is-layout-flow\">\n<p class=\"has-text-align-center\"><a href=\"https:\/\/jorn9.aprene.org\/?p=780\" target=\"_blank\" rel=\"noreferrer noopener\">Guardar las particularitats deu vin deu Menerb\u00e9s !<\/a><\/p>\n<\/div>\n\n\n\n<div class=\"wp-block-column is-layout-flow wp-block-column-is-layout-flow\">\n<div class=\"wp-block-image\"><figure class=\"alignleft size-large is-resized\"><img loading=\"lazy\" decoding=\"async\" src=\"https:\/\/jorn9.aprene.org\/wp-content\/uploads\/2021\/05\/IMG_3912-1024x768.jpg\" alt=\"\" class=\"wp-image-782\" width=\"245\" height=\"183\"\/><\/figure><\/div>\n<\/div>\n<\/div>\n\n\n\n<div style=\"height:61px\" aria-hidden=\"true\" class=\"wp-block-spacer\"><\/div>\n\n\n\n<div class=\"wp-block-columns is-layout-flex wp-container-core-columns-is-layout-5 wp-block-columns-is-layout-flex\">\n<div class=\"wp-block-column is-vertically-aligned-center is-layout-flow wp-block-column-is-layout-flow\">\n<p class=\"has-text-align-center\"><a href=\"https:\/\/jorn9.aprene.org\/?p=783\" target=\"_blank\" rel=\"noreferrer noopener\">Viatge botanic a Menerb\u00e9s<\/a><\/p>\n<\/div>\n\n\n\n<div class=\"wp-block-column is-layout-flow wp-block-column-is-layout-flow\">\n<div class=\"wp-block-image\"><figure class=\"alignleft size-large is-resized\"><img loading=\"lazy\" decoding=\"async\" src=\"https:\/\/jorn9.aprene.org\/wp-content\/uploads\/2021\/05\/tryN0l-1024x1024.jpg\" alt=\"Alapeda o asfod\u00e8la\" class=\"wp-image-785\" width=\"176\" height=\"176\"\/><\/figure><\/div>\n\n\n\n<p><\/p>\n<\/div>\n<\/div>\n\n\n\n<div class=\"wp-block-columns is-layout-flex wp-container-core-columns-is-layout-6 wp-block-columns-is-layout-flex\">\n<div class=\"wp-block-column is-vertically-aligned-center is-layout-flow wp-block-column-is-layout-flow\">\n<p class=\"has-text-align-center\"><a href=\"https:\/\/jorn9.aprene.org\/?p=834\" target=\"_blank\" rel=\"noreferrer noopener\">Al detorn de Bisan<\/a><\/p>\n<\/div>\n\n\n\n<div class=\"wp-block-column is-layout-flow wp-block-column-is-layout-flow\">\n<div class=\"wp-block-image\"><figure class=\"alignleft size-large is-resized\"><img loading=\"lazy\" decoding=\"async\" src=\"https:\/\/jorn9.aprene.org\/wp-content\/uploads\/2021\/05\/boussecos-768x1024.jpg\" alt=\"\" class=\"wp-image-838\" width=\"180\" height=\"239\"\/><\/figure><\/div>\n\n\n\n<p><\/p>\n<\/div>\n<\/div>\n\n\n\n<p><\/p>\n","protected":false},"excerpt":{"rendered":"<p>Men\u00e8rba l&rsquo;occitana La b\u00f2ria dels soquets A la descob\u00e8rta de Ciutat Guardar las particularitats deu vin deu Menerb\u00e9s ! Viatge botanic a Menerb\u00e9s Al detorn de Bisan<\/p>\n","protected":false},"author":1,"featured_media":0,"parent":0,"menu_order":0,"comment_status":"closed","ping_status":"closed","template":"","meta":{"footnotes":""},"class_list":["post-807","page","type-page","status-publish","hentry"],"_links":{"self":[{"href":"https:\/\/jorn9.aprene.org\/index.php?rest_route=\/wp\/v2\/pages\/807"}],"collection":[{"href":"https:\/\/jorn9.aprene.org\/index.php?rest_route=\/wp\/v2\/pages"}],"about":[{"href":"https:\/\/jorn9.aprene.org\/index.php?rest_route=\/wp\/v2\/types\/page"}],"author":[{"embeddable":true,"href":"https:\/\/jorn9.aprene.org\/index.php?rest_route=\/wp\/v2\/users\/1"}],"replies":[{"embeddable":true,"href":"https:\/\/jorn9.aprene.org\/index.php?rest_route=%2Fwp%2Fv2%2Fcomments&post=807"}],"version-history":[{"count":19,"href":"https:\/\/jorn9.aprene.org\/index.php?rest_route=\/wp\/v2\/pages\/807\/revisions"}],"predecessor-version":[{"id":885,"href":"https:\/\/jorn9.aprene.org\/index.php?rest_route=\/wp\/v2\/pages\/807\/revisions\/885"}],"wp:attachment":[{"href":"https:\/\/jorn9.aprene.org\/index.php?rest_route=%2Fwp%2Fv2%2Fmedia&parent=807"}],"curies":[{"name":"wp","href":"https:\/\/api.w.org\/{rel}","templated":true}]}}